{"id":42,"date":"2011-11-15T20:06:11","date_gmt":"2011-11-15T20:06:11","guid":{"rendered":"https:\/\/exercise.fi\/?page_id=42"},"modified":"2023-09-13T11:16:17","modified_gmt":"2023-09-13T11:16:17","slug":"cv","status":"publish","type":"page","link":"https:\/\/exercise.fi\/?page_id=42","title":{"rendered":"Curriculum vitae"},"content":{"rendered":"<h2><\/h2>\n<h2><strong>CURRENT POSITIONS<br \/>\n<\/strong><\/h2>\n<ul>\n<li><span style=\"text-decoration: underline;\"><strong>Research Service Manager<\/strong><\/span>, Turku PET Centre, University of Turku, Finland<\/li>\n<li><span style=\"text-decoration: underline;\"><strong>Adjunct professor<\/strong><\/span>, Department of Health Sciences, University of Jyv\u00e4skyl\u00e4, Jyv\u00e4skyl\u00e4, Finland<\/li>\n<li><span style=\"text-decoration: underline;\"><strong>Adjunct professor<\/strong><\/span>, Department of Physiology, University of Turku, Turku, Finland<\/li>\n<\/ul>\n<h2><strong>CURRENT WORK ADDRESS<\/strong><\/h2>\n<p>Turku PET Centre<br \/>\nKiinamyllynkatu 4-8<br \/>\nFIN-20520 Turku<br \/>\nFINLAND<\/p>\n<p>Telephone: +358-3130000<br \/>\nEmail: firstname.lastname at utu.fi<\/p>\n<h2><strong>EDUCATION, DEGREES, AND TITLES<br \/>\n<\/strong><\/h2>\n<ul>\n<li>2012 Adjunct Professor. University of Jyv\u00e4skyl\u00e4, Jyv\u00e4skyl\u00e4, Finland (Exercise Metabolism).<\/li>\n<li>2004 Adjunct Professor. University of Turku, Turku, Finland (Cardiovascular Physiology).<\/li>\n<li>2001 Ph.D. University of Turku, Turku, Finland(Clinical Physiology), disputation 24.11.2001<\/li>\n<li>1998 M.Sc. University of Jyv\u00e4skyl\u00e4, Jyv\u00e4skyl\u00e4, Finland(major: Exercise Physiology, minors: Information Technology, Biomechanics, and Mathematics)<\/li>\n<\/ul>\n<h2><strong>ACADEMIC THESIS<\/strong><\/h2>\n<ul>\n<li><span style=\"text-decoration: underline;\"><strong>Ph.D. dissertation<\/strong><\/span>. The Effects of Exercise and Endurance Training on Skeletal Muscle and Myocardial Blood Flow. Studes Using Positron Emission Tomography. Annales Universitatis Turkuensis, D 471. Painosalama Oy, Turku, Finland, 2001.<\/li>\n<li><span style=\"text-decoration: underline;\"><strong>M.Sc. thesis<\/strong><\/span>. Normobaarisessa hypoksiassa asumisen ja normoksiassa harjoittelun vaikutukset sykkeisiin ja sykevaihteluihin ortostaattisessa testiss\u00e4 ja submaksimaalisessa kuormituksessa. (In Finnish only).University of Jyv\u00e4skyl\u00e4, Jyv\u00e4skyl\u00e4, Finland, 1998.<\/li>\n<\/ul>\n<h2><strong>PROFESSIONAL EXPERIENCE\u00a0<\/strong><\/h2>\n<ul>\n<li><span style=\"text-decoration: underline;\"><strong>Research Service Manager<\/strong><\/span>, Turku PET Centre, University of Turku, Turku, Finland, 2017 &#8211;<\/li>\n<li><span style=\"text-decoration: underline;\"><strong>Coordinator<\/strong><\/span>, Finnish Centre of Excellence in Cardiovascular and Metabolic Disease, Turku PET Centre, University of Turku, Turku, Finland, 2017 &#8211; 2019<\/li>\n<li><span style=\"text-decoration: underline;\"><strong>Senior \u00a0Researcher<\/strong><\/span>, Turku PET Centre, University of Turku, Turku, Finland, 2016 &#8211; 2017<\/li>\n<li><span style=\"text-decoration: underline;\"><strong>Academy Research Fellow<\/strong><\/span>, Turku PET Centre, University of Turku, Turku, Finland, 2011 &#8211; 2016<\/li>\n<li><span style=\"text-decoration: underline;\"><strong>Affiliated Faculty Member<\/strong><\/span>, Department of Health and Science, Colorado State University, Fort Collins, CO, USA, 2015 &#8211; 2018<\/li>\n<li><span style=\"text-decoration: underline;\"><strong>Adjunct Professor<\/strong><\/span>, Department of Health Sciences, University of Jyv\u00e4skyl\u00e4, Jyv\u00e4skyl\u00e4, Finland, 2012 &#8211;<\/li>\n<li><span style=\"text-decoration: underline;\"><strong>Scientist<\/strong><\/span>, Turku PET Centre, University of Turku, Turku, Finland, 2004 &#8211; 2011<\/li>\n<li><span style=\"text-decoration: underline;\"><strong>Adjunct Professor<\/strong><\/span>, Department of Physiology, University of Turku, Turku, Finland, 2004 &#8211;<\/li>\n<li><span style=\"text-decoration: underline;\"><strong>Post-doctoral fellow<\/strong><\/span>, Institute of Sports Medicine Copenhagen, Bispebjerg Hospital, Copenhagen, Denmark, 2003 &#8211; 2004<\/li>\n<li><span style=\"text-decoration: underline;\"><strong>Post-doctoral fellow<\/strong><\/span>, Turku PET Centre, Turku, Finland, 2001 &#8211; 2003<\/li>\n<li><span style=\"text-decoration: underline;\"><strong>Investigator<\/strong><\/span>, Turku PET Centre, Turku, Finland, 1998 &#8211; 2001<\/li>\n<li><span style=\"text-decoration: underline;\"><strong>Part-time research assistant<\/strong><\/span>, Research Institute for Olympic Sports, Jyv\u00e4skyl\u00e4, Finland, 1997 &#8211; 1998.<\/li>\n<li><span style=\"text-decoration: underline;\"><strong>Part-time research assistant<\/strong><\/span>, Department of Biology of Physical Activity, University of Jyv\u00e4skyl\u00e4, Jyv\u00e4skyl\u00e4, Finland, 1997 &#8211; 1998.<\/li>\n<\/ul>\n<h2><strong>MEMBERSHIP IN PROFESSIONAL SOCIETIES<\/strong><\/h2>\n<ul>\n<li><a href=\"http:\/\/sport-science.org\/index.php?option=com_wrapper&amp;view=wrapper&amp;Itemid=120\" target=\"_blank\" rel=\"noopener noreferrer\">Fellow of the European College of Sport Sciences (ECSS)<\/a><\/li>\n<li>Scandinavian Physiological Society<\/li>\n<li>The Finnish Society of Sport Sciences<\/li>\n<li>Finnish Physiological Society<\/li>\n<li>Finnish Association of Science Editors and Journalist<\/li>\n<\/ul>\n<h2><strong>REVIEWER IN SCIENTIFIC JOURNALS<br \/>\n<\/strong><\/h2>\n<ul>\n<li>Acta Physiologica<\/li>\n<li>American Journal of Physiology \u2013 Heart and Circulatory Physiology<\/li>\n<li>American Journal of Physiology \u2013 Regulatory, Integrative, and Comparative Physiology<\/li>\n<li>Autonomic Neuroscience<\/li>\n<li>Chinese Journal of Physiology<\/li>\n<li>Clinical Physiology and Functional Imaging<\/li>\n<li>European Journal of Applied Physiology<\/li>\n<li>Frontiers in Physiology<\/li>\n<li>Journal of Applied Physiology<\/li>\n<li>Journal of Endocrinology<\/li>\n<li>Journal of Nuclear Medicine<\/li>\n<li>Journal of Physiology<\/li>\n<li>Medical Science Monitor<\/li>\n<li>Medicine and Science in Sport and Exercise<\/li>\n<li>Microvascular Research<\/li>\n<li>Osteoarthritis and Cartilage<\/li>\n<li>Physiological Measurement<\/li>\n<li>Scandinavian Journal of Medicine and Science in Sports<\/li>\n<\/ul>\n<h2><strong>EDITORSHIPS<\/strong><\/h2>\n<ul>\n<li>Editor-in-Chief, <em>Liikunta &amp; Tiede, 2015-2018<\/em><\/li>\n<li>Associate Editor, Frontiers in Physiology, 2011-2018<\/li>\n<\/ul>\n<h2><b>PhD THESIS OPPONENT<br \/>\n<\/b><\/h2>\n<ul>\n<li><span style=\"text-decoration: underline;\"><strong>S\u00f8ren M\u00f8ller Madsen<\/strong><\/span>. The metabolic, inflammatory and vascular effects of 8 weeks low volume high intensity interval training (HIIT): Non-invasive pilot-studies in type 2 diabetes (T2D) patients and individuals with high-risk of metabolic syndrome. University of Aarhus, Aarhus, Denmark, 2015. <a href=\"http:\/\/newsroom.au.dk\/nyheder\/vis\/artikel\/phd-forsvar-soeren-moeller-madsen\/\">Link<\/a>.<\/li>\n<\/ul>\n<h2><b>PhD THESIS REVIEWER<br \/>\n<\/b><\/h2>\n<ul>\n<li><strong>Paula Iso-Markku<\/strong>. <a href=\"http:\/\/urn.fi\/URN:ISBN:978-951-51-5503-0\">Relationships between physical activity, dementia mortality, and cognition in Finnish Twins<\/a>. University of Helsinki, Helsinki, Finland, 2019.<\/li>\n<li><strong>Aapo Veijalainen<\/strong>. <a href=\"https:\/\/erepo.uef.fi\/handle\/123456789\/17381\">Clinical correlates of arterial stiffness, tone, and reactivity in children<\/a>. University of Eastern Finland, Kuopio, Finland, 2016. Link.<\/li>\n<li><strong>Mika Silvennoinen<\/strong>. <a href=\"https:\/\/jyx.jyu.fi\/handle\/123456789\/48494\">The oxidative capacity of skeletal muscle: effects of genotype, high-fat diet and physical activity<\/a>. University of Jyv\u00e4skyl\u00e4, 2016.<\/li>\n<li><span style=\"text-decoration: underline;\"><strong>Jaana Karjalainen<\/strong><\/span>. <a href=\"http:\/\/jultika.oulu.fi\/Record\/isbn978-952-62-0272-3\">Cardiovascular autonomic function in coronary artery disease patients with and without type 2 diabetes : significance of physical activity and exercise capacity<\/a>. University of Oulu, Oulu, Finland, 2013.<\/li>\n<li><span style=\"text-decoration: underline;\"><strong>Antti Kiviniemi<\/strong><\/span>. <a href=\"http:\/\/jultika.oulu.fi\/Record\/isbn951-42-8189-6\">Measurement of cardiac vagal outflow by beat-to-beat R-R interval dynamics<\/a>. University of Oulu, Oulu, Finland, 2006.<\/li>\n<\/ul>\n<h2><b>GRANT REVIEWER<br \/>\n<\/b><\/h2>\n<ul>\n<li>Swiss National Science Foundation, Switzerland<\/li>\n<li>National Osteoporosis Society, UK<\/li>\n<li>Finnish Cultural Foundation, Finland<\/li>\n<li>Academy of Finland, Finland<\/li>\n<li>Helsinki Doctoral Programme in Clinical Research, Finland<\/li>\n<\/ul>\n<h2><strong>REVIEWER FOR DOCENTSHIP OR ALIKE<br \/>\n<\/strong><\/h2>\n<ul>\n<li>Gerhard Tschakert, University of Graz, Graz, Austria, 2016<\/li>\n<li>Mika Venoj\u00e4rvi. University of Eastern Finland, Finland, 2015<\/li>\n<li>Neil Cronin. University of Oulu, Oulu, Finland, 2013.<\/li>\n<li>Juha Hulmi. University of Helsinki, Helsinki, Finland, 2013.<\/li>\n<\/ul>\n<h2><strong>PhD THESIS SUPERVISION<\/strong><\/h2>\n<h3>FINISHED<\/h3>\n<ul>\n<li><strong>Kumail Motiani<\/strong>. University of Turku, Turku, Finland. Defended May 29, 2019. Supervisors Jarna Hannukainen and Kari Kalliokoski.<\/li>\n<li><strong>Tiina Saanijoki<\/strong>.\u00a0<a href=\"https:\/\/urn.fi\/URN:ISBN:978-951-29-7283-8\">Neurobiology of physical exercise: Perspectives on pychophysiological effects and opioidergic neurotransmission<\/a>. University of Turku, Turku, Finland. Defended June 16, 2018.<\/li>\n<li><strong>John Kindred<\/strong>. <a href=\"https:\/\/dspace.library.colostate.edu\/bitstream\/handle\/10217\/185730\/Kindred_colostate_0053A_14550.pdf\">Cannabis use in people with multiple sclerosis: the highway to<\/a><br \/>\nLower disability? Colorado State University, Fort Collins, Colorado, USA. Defended November 2017.<\/li>\n<li><strong>Marja Heiskanen<\/strong>. <a href=\"https:\/\/urn.fi\/URN:ISBN:978-951-29-6839-8\">Right ventricular metabolic responses to high-intensity interval and moderate-intensity continuous training: studies by positron emission tomography<\/a>. University of Turku, Turku, Finland. Defended June 9, 2017.<\/li>\n<li><strong>Tahir Masood<\/strong>.\u00a0<a href=\"http:\/\/urn.fi\/URN:ISBN:978-951-39-6168-8\">Calf muscle activation strategies with healthy and injured Achilles tendon<\/a>. University of Jyv\u00e4skyl\u00e4, Jyv\u00e4skyl\u00e4, Finland. Defended May 12, 2015.<\/li>\n<li><strong>Ilkka Heinonen<\/strong>. <a href=\"https:\/\/urn.fi\/URN:ISBN:978-951-29-4210-7\">The role of adenosine and its receptors in the regulation of myocardial and skeletal muscle blood flow<\/a>. University of Turku, Turku, Finland. Defending: February 19, 2010.<\/li>\n<li><strong>Jarna Hannukainen<\/strong>. The effects of increased physical activity and aerobic fitness on healthy monozygotic twins. With special reference to heart and skeletal muscle. University of Turku, Turku, Finland 2006. Defended Oct 27, 2006.<\/li>\n<li><strong>Marko Laaksonen<\/strong>. The Acute Effects of Exercise on Skeletal Muscle Blood Flow. Positron Emission Tomography Studies in Healthy Subjects. University of Turku, Turku, Finland, 2005. Defended Apr 23, 2005.<\/li>\n<\/ul>\n<h3>ONGOING<\/h3>\n<ul>\n<li>Tanja Sj\u00f6ros. University of Turku, Turku, Finland.<\/li>\n<\/ul>\n<h2><strong>HONORS AND AWARDS<\/strong><\/h2>\n<ul>\n<li><a href=\"http:\/\/www.aka.fi\/en-GB\/A\/Academy-of-Finland\/Media-services\/Releases1\/2013-Academy-of-Finland-Awards-go-to-Sven-Bossuyt-and-Kari-Kalliokoski\/\">Academy of Finland Award for Social Impact<\/a>, Academy of Finland, 2013.<\/li>\n<li><a href=\"http:\/\/www.karolamessner.se\/EN\/foundation.html\">Messner Prize<\/a>\u00a02005 For excellence in research and ethics in sports medicine, Messner Foundation, October 2006.<\/li>\n<li>Prof. Dr. Wildor Hollman&#8217;s Award of the best study in Sports Cardiology. <a href=\"http:\/\/www.medimond.com\/proceedings\/moreinfo\/20020605.htm\">XXVII FIMS World Congress on Sports Medicine<\/a>, June 5-9,2002, Budapest, Hungary.<\/li>\n<li><a href=\"http:\/\/www.ecss.mobi\/index.php?option=com_content&amp;view=article&amp;id=114:cologne-2001&amp;catid=46:former-yia-winners&amp;Itemid=100\">2nd prize of the ECSS Young Investigator Award<\/a>. 6th Annual Congress of the European College of Sports Science, July 24-28.2001, Cologne, Germany.<\/li>\n<li>Finalist in the Martti J Karvonen Young Investigator Award -competition. International 16th Puijo Symposium &#8221;Health Related Physical Activity and Fitness in Health Promotion and Medical Care &#8211; Evidence-based Exercise Prescription&#8221;, June 26-29, 2001, Kuopio, Finland.<\/li>\n<\/ul>\n<h2><strong>SELECTED INVITED LECTURES<\/strong><\/h2>\n<ul>\n<li>\u201dRiitt\u00e4\u00e4k\u00f6 arkiliikunta vai tarvitaanko muutakin?\u201d Turun L\u00e4\u00e4ketiedep\u00e4ivien avajaissessio, Turun l\u00e4\u00e4ketiedep\u00e4iv\u00e4t 2016, marraskuu 2016.<\/li>\n<li>\u201dHIT \u2013 nopeasti huippukuntoon?\u201d. Tieteellinen symposium: \u201dLiikunnan ihmepilleri &#8211; hy\u00f6ty\u00e4 vai haittaa?\u201d Turun l\u00e4\u00e4ketiedep\u00e4iv\u00e4t 2016, marraskuu 2016.<\/li>\n<li>Tyypin 2 diabetes: Epidemiologia ja liikunnan vaste. \u201dLiikunta \u2013 Terveydenhuollon k\u00e4ytt\u00e4m\u00e4t\u00f6n hoitomuoto\u201d \u2013 seminaari. Turku, huhtikuu 2016.<\/li>\n<li>Imaging of exercise responses with PET. \u201cPET Basics\u201d \u2013course, Turku, huhtikuu 2011.<\/li>\n<li>Liikunta ja metabolia: HIT-harjoittelulla puhtia aineenvaihduntaan? Tays:n sis\u00e4tautien klinikan seminaarisarja. Tampere, lokakuu 2015.<\/li>\n<li>Positron emission tomography (PET) imaging of exercise responses \u2013 16 years of experience from Turku PET Centre. Colorado State University, Fort Collins, Colorado, USA, May 2015.<\/li>\n<li>Liikuntal\u00e4\u00e4ketieteellinen tutkimus \u2013 Liikuntatieteen ja l\u00e4\u00e4ketieteen risteyksess\u00e4. Turku AMK:n tutkimushoitajakoulutus, Turku, maaliskuu 2015.<\/li>\n<li>Can we benefit from high intensity interval training (HIIT): physiology, health and time sparing. 15th International Symposium, University of Jyv\u00e4skyl\u00e4, Nov 2014.<\/li>\n<li>HIIT-harjoittelu. Suomen kliinisen fysiologian yhdistys ry:n syyskoulutusp\u00e4iv\u00e4t. Lahti, marraskuu 2014.<\/li>\n<li>Skeletal muscle and myocardial perfusion imaging with positron emission tomography (PET). Planmecan seminaari, Helsinki, lokakuu 2014.<\/li>\n<li>Urheilijan syd\u00e4ntutkimukset &#8211; mik\u00e4 on normaalia? Aineenvaihdunnan muutokset. Suomen Kardiologisen Seuran Syyskokous, Helsinki, lokakuu 2014.<\/li>\n<li>High intensity interval training for patients with chronic diseases. <a href=\"http:\/\/www.puijosymposium.org\/\">The International 22nd Puijo Symposium<\/a>, Kuopio, Finland, 24.-28.6.2014.<\/li>\n<li>PET imaging of exercise responses \u2013 Turku experiences. <a href=\"http:\/\/congress.utu.fi\/turkupet2014\/\">XIII Turku PET Symposium<\/a>, Turku, Finland, 24.-27.5.2014.<\/li>\n<li>K\u00e4yt\u00e4nn\u00f6n kokemuksia kliinisest\u00e4 tutkimuksesta \u2013 liikuntatieteilij\u00e4 kliinisen\u00e4 tutkijana. Terveystieteellisen tutkimuksen seminaarisarja 2014, Turku, huhtikuu 2014.<\/li>\n<li>Liikunnan syd\u00e4nvaikutusten tutkiminen positroniemissiotomografialla. <em>Liikuntal\u00e4\u00e4ketieteen p\u00e4iv\u00e4t 2012<\/em>, Helsinki, 6.-7.11.2012<\/li>\n<li>Imaging the whole-body responses to exercise with Positron Emission Tomography. <a href=\"http:\/\/www.fbs.leeds.ac.uk\/conferences\/sbe\/\">The Systems Biology of Exercise: Cardiorespiratory &amp; Metabolic Integration<\/a>, University of Leeds, UK, Aug 16 -17, 2012.<\/li>\n<li>What can Positron Emission Tomography (PET) offer for Muscle and Tendon research? <em>Nordic Muscle Tendon Research Group \u2013meeting<\/em>, Oslo, Norway, May 21-22, 2012.<\/li>\n<li>High-intensity interval training \u2013 is it really healthy? <em>PhD Course: New aspects on exercise for health<\/em>, University of Turku, Turku, Finland, 11.5.2012.<\/li>\n<li>New aspects on exercise with PET and MR imaging. <em>Systems biology annual meeting 2011<\/em>, Viking Amorella, 11.10.2011.<\/li>\n<li>Use of Positron Emission Tomography (PET) in sport and exercise science. <em>Norwegian School of Sport Sciences<\/em>, Oslo, Norway, Feb 9, 2011.<\/li>\n<li>PET skeletal muscle flow during rest and exercise. <em>PhD-course: Cardiovascular Imaging<\/em>. The Danish Cardiovascular Research Academy and Faculty of Health Sciences, University of Copenhagen, Copenhagen, Denmark, November 22-26, 2010.<\/li>\n<li>Exercise-diet interactions and post-prandial metabolism of carbohydrates. <em>International 20th Puijo Symposium &#8221;Physical Exercise in Health Promotion and Medical Care: Current Evidence for Metabolic Syndrome&#8221;<\/em>, June 23-26, 2009, Kuopio, Finland.<\/li>\n<li>Positron emission tomography\u2014measurement of muscle energy metabolism during exercise. In <em>Measurement of energy metabolism in humans \u2013 theory and applications<\/em>. Jyv\u00e4skyl\u00e4, Finland, Nov 20-22, 2008.<\/li>\n<li>Detection of muscle perfusion and metabolism heterogeneity using PET, NIR, and NMR. In <em>\u201cWorkshop on investigation of human muscle function in vivo\u201d<\/em>, Nashville, TN, USA, October 20-23, 2005.<\/li>\n<li>\u00a0Positron emission tomography, the method of choice to study physiology and metabolism in vivo. In <em>&#8221;9th Annual Congress of the European College of Sport Sciences\u201d<\/em>,Clermont-Ferrand, France, July 3-6, 2004.<\/li>\n<li>\u00a0Muscle and connective tissue blood flow \u2013 why use PET for the measurements. In <em>&#8221;From structure to function of skeletal muscle and tendon tissue: Methods to study adaptations to exercise&#8221;<\/em>, satellite symposium of the 8th Annual Congress of the European College of Sport Sciences, Salzburg, Austria, July 7-9, 2003.<\/li>\n<\/ul>\n<h2><strong>SCIENTIFIC POSITIONS OF TRUST<\/strong><\/h2>\n<ul>\n<li><a href=\"http:\/\/www.nordicwalkingcouncil.com\/eng\/scientific-board.html\">Member of the Scientific Advisory Board<\/a>, International Council of Nordic Walking, 2017 &#8211;<\/li>\n<li><a href=\"http:\/\/www.lts.fi\/lts\/liikuntatieteellisen-seuran-hallitus-2017\">Member of the Board<\/a>,\u00a0The Finnish Society of Sport Sciences, 2017- 2018<\/li>\n<li>Deputy Member of the Board, The Finnish Society of Sport Sciences,\u00a02013-2016<\/li>\n<li>Scientifc Secretary of <a href=\"http:\/\/congress.utu.fi\/turkupet2008\/\">XI Turku PET Symposium<\/a>, 24 \u2013 27 May, 2008. Turku, Finland. 1.1.2007 &#8211; 27.5.2008.<\/li>\n<li>Board member of the Finnish Centre of Excellence in Molecular Imaging in Cardiovascular and Metabolic Research, 2008-2013<\/li>\n<li>Accountant of the Finnish Physiological Society, 2009-<\/li>\n<\/ul>\n<h2><strong>RESEARCH FUNDING<\/strong><\/h2>\n<ul>\n<li>State Research Funding, 2015, 2016, 2017<\/li>\n<li>Paavo Nurmi foundation, 2013<\/li>\n<li>Novo Nordisk Foundation, 2013<\/li>\n<li>Academy of Finland, Academy Research Fellow, 2011-2016<\/li>\n<li>Academy of Finland, Post-doctoral researcher, 2003-2005, 2005-2007<\/li>\n<li>Ministry of Education and Culture, Finland, 1999-2005, 2007-2009, 2011-2013<\/li>\n<li>Finnish Centre of Excellence in Molecular Imaging in Cardiovascular and Metabolic Research, 2008-2013<\/li>\n<li>Turku University Foundation, Finland, 2002, travel grant<\/li>\n<li>Juho Vainio Foundation, Finland, 2002, 2003<\/li>\n<li>Finnish Cultural Foundation: South-Western Finland fund, Finland, 2002<\/li>\n<li>Finnish Cultural Foundation, Finland, 2009<\/li>\n<li>Paavo Nurmi Foundation, Finland, 2002<\/li>\n<li>Instrumentarium Foundation, Finland, 2000, 2001<\/li>\n<li>Finnish Sports Institute Foundation, Finland, 2000, 2001<\/li>\n<li>Finnish Foundation for SportResearch, Finland, 1998, 1999<\/li>\n<li>Aarne Koskelo Foundation, Finland, 1998<\/li>\n<\/ul>\n<p>Updated Jan 7, 2022<\/p>\n","protected":false},"excerpt":{"rendered":"<p>CURRENT POSITIONS Research Service Manager, Turku PET Centre, University of Turku, Finland Adjunct professor, Department of Health Sciences, University of Jyv\u00e4skyl\u00e4, Jyv\u00e4skyl\u00e4, Finland Adjunct professor, Department of Physiology, University of <a class=\"more-link\" href=\"https:\/\/exercise.fi\/?page_id=42\">Continue Reading &rarr;<\/a><\/p>\n","protected":false},"author":2,"featured_media":0,"parent":14,"menu_order":2,"comment_status":"open","ping_status":"closed","template":"","meta":{"footnotes":""},"_links":{"self":[{"href":"https:\/\/exercise.fi\/index.php?rest_route=\/wp\/v2\/pages\/42"}],"collection":[{"href":"https:\/\/exercise.fi\/index.php?rest_route=\/wp\/v2\/pages"}],"about":[{"href":"https:\/\/exercise.fi\/index.php?rest_route=\/wp\/v2\/types\/page"}],"author":[{"embeddable":true,"href":"https:\/\/exercise.fi\/index.php?rest_route=\/wp\/v2\/users\/2"}],"replies":[{"embeddable":true,"href":"https:\/\/exercise.fi\/index.php?rest_route=%2Fwp%2Fv2%2Fcomments&post=42"}],"version-history":[{"count":39,"href":"https:\/\/exercise.fi\/index.php?rest_route=\/wp\/v2\/pages\/42\/revisions"}],"predecessor-version":[{"id":566,"href":"https:\/\/exercise.fi\/index.php?rest_route=\/wp\/v2\/pages\/42\/revisions\/566"}],"up":[{"embeddable":true,"href":"https:\/\/exercise.fi\/index.php?rest_route=\/wp\/v2\/pages\/14"}],"wp:attachment":[{"href":"https:\/\/exercise.fi\/index.php?rest_route=%2Fwp%2Fv2%2Fmedia&parent=42"}],"curies":[{"name":"wp","href":"https:\/\/api.w.org\/{rel}","templated":true}]}}